{"id":1510,"date":"2025-12-03T11:11:44","date_gmt":"2025-12-03T11:11:44","guid":{"rendered":"https:\/\/affectionate-beaver.83-171-239-27.plesk.page\/?page_id=1510"},"modified":"2026-01-16T13:35:42","modified_gmt":"2026-01-16T13:35:42","slug":"nutzen-und-vorteile","status":"publish","type":"page","link":"https:\/\/affectionate-beaver.83-171-239-27.plesk.page\/index.php\/nutzen-und-vorteile\/","title":{"rendered":"Nutzen und Vorteile"},"content":{"rendered":"\t\t<div data-elementor-type=\"wp-page\" data-elementor-id=\"1510\" class=\"elementor elementor-1510\" data-elementor-post-type=\"page\">\n\t\t\t\t<div class=\"elementor-element elementor-element-1ad0df9 e-flex e-con-boxed e-con e-parent\" data-id=\"1ad0df9\" data-element_type=\"container\">\n\t\t\t\t\t<div class=\"e-con-inner\">\n\t\t\t\t<div class=\"elementor-element elementor-element-fef53bd elementor-widget elementor-widget-heading\" data-id=\"fef53bd\" data-element_type=\"widget\" data-widget_type=\"heading.default\">\n\t\t\t\t\t<h2 class=\"elementor-heading-title elementor-size-default\"><h2 style=\"color:#cd0612\">Ihre Nutzen und Vorteile durch unsere<\/h2>\n<br>\n<h2>unabh\u00e4ngige Versicherungsberatung\n<\/h2><\/h2>\t\t\t\t<\/div>\n\t\t\t\t<div class=\"elementor-element elementor-element-9c33cb4 elementor-widget-divider--view-line elementor-widget elementor-widget-divider\" data-id=\"9c33cb4\" data-element_type=\"widget\" data-widget_type=\"divider.default\">\n\t\t\t\t\t\t\t<div class=\"elementor-divider\">\n\t\t\t<span class=\"elementor-divider-separator\">\n\t\t\t\t\t\t<\/span>\n\t\t<\/div>\n\t\t\t\t\t\t<\/div>\n\t\t\t\t\t<\/div>\n\t\t\t\t<\/div>\n\t\t<div class=\"elementor-element elementor-element-486dbf6 e-flex e-con-boxed e-con e-parent\" data-id=\"486dbf6\" data-element_type=\"container\">\n\t\t\t\t\t<div class=\"e-con-inner\">\n\t\t\t\t<div class=\"elementor-element elementor-element-0820202 elementor-widget elementor-widget-text-editor\" data-id=\"0820202\" data-element_type=\"widget\" data-widget_type=\"text-editor.default\">\n\t\t\t\t\t\t\t\t\t<div id=\"1709572175\" class=\"dmRespRow u_1709572175\"><div id=\"1382281381\" class=\"dmRespColsWrapper\"><div id=\"1860319072\" class=\"u_1860319072 dmRespCol small-12 medium-12 large-12\"><div id=\"1076564303\" class=\"u_1076564303 dmNewParagraph\"><span>Unsere Arbeit als unabh\u00e4ngige Versicherungsberater aus M\u00f6nchengladbach und Bochum bringt Ihnen viele Vorteile f\u00fcr Ihre Finanzen. Unser Ziel ist es Ihre Einsparpotentiale voll zu nutzen, Ihre Finanzen nachhaltig zu optimieren und somit langfristig Ihre vollste Zufriedenheit zu gewinnen. Im folgenden zeigen wir Ihnen einige Punkte auf, wie Sie durch unsere T\u00e4tigkeit profitieren.<\/span><\/div><\/div><\/div><\/div><div id=\"1305835978\" class=\"dmRespRow u_1305835978\"><div id=\"1167862751\" class=\"dmRespColsWrapper\"><div id=\"1111702861\" class=\"u_1111702861 dmRespCol small-12 large-6 medium-6\">\u00a0<\/div><\/div><\/div>\t\t\t\t\t\t\t\t<\/div>\n\t\t\t\t\t<\/div>\n\t\t\t\t<\/div>\n\t\t<div class=\"elementor-element elementor-element-a9bf5ef e-flex e-con-boxed e-con e-child\" data-id=\"a9bf5ef\" data-element_type=\"container\">\n\t\t\t\t\t<div class=\"e-con-inner\">\n\t\t\t\t<div class=\"elementor-element elementor-element-ee34d46 elementor-widget elementor-widget-kanun-service-grid-widget\" data-id=\"ee34d46\" data-element_type=\"widget\" data-widget_type=\"kanun-service-grid-widget.default\">\n\t\t\t\t<div class=\"elementor-widget-container\">\n\t\t\t\t\t\r\n\r\n\t <script>\r\n jQuery(document).ready(function($) {\r\n\r\n\/\/ js code start\r\n\r\n\r\n\r\n\/\/ js code end \r\n\r\n  });\r\n<\/script>\r\n\t\r\n\r\n\t<div class=\"row\">\r\n\t\t\t\r\n\t\t<div class=\"col-lg-4\">\t\t\t\r\n\t\t\t<div class=\"service-main-items\">\r\n\t\t\t\t<div class=\"service-card img-custom-anim-left wow\" data-wow-delay=\".3s\">\r\n\t\t\t\t\t<div class=\"icon\">\r\n\t\t\t\t\t\t<i class=\" flaticon-family\"><\/i>\r\n\t\t\t\t\t<\/div>\r\n\t\t\t\t\t<div class=\"content\">\r\n\t\t\t\t\t\t<h4>\r\n\t\t\t\t\t\t\t<a href=\"#\">Honorar anstatt Provision\n<\/a>\r\n\t\t\t\t\t\t<\/h4>\r\n\t\t\t\t\t\t<p>\r\n\t\t\t\t\t\t\tVerschiedene Statistiken und Beispiele zeigen auf, dass Sie bei Honorarzahlungen f\u00fcr Ihre Beratung grunds\u00e4tzlich immer Einsparungen generieren, im Vergleich zu j\u00e4hrlichen Zahlungen von Provisionen und versteckten Geb\u00fchren. Honorare hingegen sind transparent und werden einmalig nach erbrachter Leistung erhoben.\n\t\t\t\t\t\t<\/p>\r\n\t\t\t\t\t<\/div>\r\n\t\t\t\t<\/div>\r\n\r\n\t\t\t\t\t\t\t\t<div class=\"service-image img-custom-anim-right wow\" data-wow-delay=\".5s\">\t\t\t\r\n\t\t\t\t\t<img decoding=\"async\" src=\"https:\/\/affectionate-beaver.83-171-239-27.plesk.page\/wp-content\/uploads\/2025\/02\/service_icon_5.png\" alt=\"\">\t\t\t\r\n\t\t\t\t<\/div>\r\n\t\t\t\t\t\t\t<\/div>\r\n\t\t<\/div>\r\n\t\t\t\r\n\t\t<div class=\"col-lg-4\">\t\t\t\r\n\t\t\t<div class=\"service-main-items\">\r\n\t\t\t\t<div class=\"service-card img-custom-anim-left wow\" data-wow-delay=\".3s\">\r\n\t\t\t\t\t<div class=\"icon\">\r\n\t\t\t\t\t\t<i class=\" flaticon-rule\"><\/i>\r\n\t\t\t\t\t<\/div>\r\n\t\t\t\t\t<div class=\"content\">\r\n\t\t\t\t\t\t<h4>\r\n\t\t\t\t\t\t\t<a href=\"#\">\u00dcberversicherung\n<\/a>\r\n\t\t\t\t\t\t<\/h4>\r\n\t\t\t\t\t\t<p>\r\n\t\t\t\t\t\t\tOft kommt es oft, dass Menschen die \u00dcbersicht \u00fcber Ihren Versicherungsschutz verlieren und dadurch viel Potenzial entsteht, um Einsparungen zu generieren. Wir helfen Ihnen den \u00dcberblick zu bewahren und machen Ihnen Vorschl\u00e4ge wie Sie einen optimalen Versicherungsschutz bei gleichzeitig g\u00fcnstigen Pr\u00e4mien bekommen. \n\t\t\t\t\t\t<\/p>\r\n\t\t\t\t\t<\/div>\r\n\t\t\t\t<\/div>\r\n\r\n\t\t\t\t\t\t\t\t<div class=\"service-image img-custom-anim-right wow\" data-wow-delay=\".5s\">\t\t\t\r\n\t\t\t\t\t<img decoding=\"async\" src=\"https:\/\/affectionate-beaver.83-171-239-27.plesk.page\/wp-content\/uploads\/2025\/02\/service_icon_6.png\" alt=\"\">\t\t\t\r\n\t\t\t\t<\/div>\r\n\t\t\t\t\t\t\t<\/div>\r\n\t\t<\/div>\r\n\t\t\t\r\n\t\t<div class=\"col-lg-4\">\t\t\t\r\n\t\t\t<div class=\"service-main-items\">\r\n\t\t\t\t<div class=\"service-card img-custom-anim-left wow\" data-wow-delay=\".3s\">\r\n\t\t\t\t\t<div class=\"icon\">\r\n\t\t\t\t\t\t<i class=\" flaticon-prevention\"><\/i>\r\n\t\t\t\t\t<\/div>\r\n\t\t\t\t\t<div class=\"content\">\r\n\t\t\t\t\t\t<h4>\r\n\t\t\t\t\t\t\t<a href=\"#\">Streitf\u00e4lle im Versicherungsschutz\n<\/a>\r\n\t\t\t\t\t\t<\/h4>\r\n\t\t\t\t\t\t<p>\r\n\t\t\t\t\t\t\tWir untersuchen Streitf\u00e4lle bei Sch\u00e4den. Im Versicherungsfall k\u00f6nnen Deutung, Definition und Sachverhalt oft auseinander liegen. Als Laie ist es schwierig in solchen F\u00e4llen f\u00fcr sein Recht einzustehen. Wir unterst\u00fctzen Sie mit fachlicher Kompetenz und beraten Sie umfassend \u00fcber Ihre Optionen in den verschiedensten F\u00e4llen.\n\t\t\t\t\t\t<\/p>\r\n\t\t\t\t\t<\/div>\r\n\t\t\t\t<\/div>\r\n\r\n\t\t\t\t\t\t\t\t<div class=\"service-image img-custom-anim-right wow\" data-wow-delay=\".5s\">\t\t\t\r\n\t\t\t\t\t<img decoding=\"async\" src=\"https:\/\/affectionate-beaver.83-171-239-27.plesk.page\/wp-content\/uploads\/2025\/02\/service_icon_3.png\" alt=\"\">\t\t\t\r\n\t\t\t\t<\/div>\r\n\t\t\t\t\t\t\t<\/div>\r\n\t\t<\/div>\r\n\t\t\t<\/div>\r\n\r\n\t\r\n\r\n             \r\n\t\t\t\t\t\t<\/div>\n\t\t\t\t<\/div>\n\t\t\t\t\t<\/div>\n\t\t\t\t<\/div>\n\t\t<div class=\"elementor-element elementor-element-3f6664f e-con-full e-flex e-con e-parent\" data-id=\"3f6664f\" data-element_type=\"container\">\n\t\t\t\t<div class=\"elementor-element elementor-element-4c3b20f elementor-widget elementor-widget-kanun-consultation-cta-widget\" data-id=\"4c3b20f\" data-element_type=\"widget\" data-widget_type=\"kanun-consultation-cta-widget.default\">\n\t\t\t\t<div class=\"elementor-widget-container\">\n\t\t\t\t\t\r\n\t<section class=\"cta-request-section section-padding fix bg-cover\" style=\"background-image: url('https:\/\/affectionate-beaver.83-171-239-27.plesk.page\/wp-content\/uploads\/2025\/01\/cta-bg.jpg');\">\r\n\t\t<div class=\"container\">\r\n\t\t\t<div class=\"row\">\r\n\t\t\t\t<div class=\"col-xl-7\">\r\n\t\t\t\t\t<div class=\"cta-request-content\">\r\n\t\t\t\t\t\t<div class=\"section-title\">\r\n\t\t\t\t\t\t\t<span class=\"sub-title text-white wow fadeInUp\">\r\n\t\t\t\t\t\t\t\tKontakt aufnehmen\t\t\t\t\t\t\t<\/span>\r\n\t\t\t\t\t\t\t<h2 class=\"text-white wow fadeInUp\" data-wow-delay=\".3s\">\r\n\t\t\t\t\t\t\t\tBeratungsgespr\u00e4ch anfordern\t\t\t\t\t\t\t<\/h2>\r\n\t\t\t\t\t\t<\/div>\r\n\t\t\t\t\t\t<p class=\"text-white wow fadeInUp\" data-wow-delay=\".5s\">\r\n\t\t\t\t\t\t\tWir verpflichten uns zu h\u00f6chster Qualit\u00e4t und verf\u00fcgen \u00fcber ein tiefes Verst\u00e4ndnis des Rechts. Unser Ziel ist es, Ihnen praxisnahe und nachhaltige L\u00f6sungen zu bieten.\t\t\t\t\t\t<\/p>\r\n\t\t\t\t\t\t<div class=\"search-widget wow fadeInUp\" data-wow-delay=\".7s\">\r\n\t\t\t\t\t\t\t\n<div class=\"wpcf7 no-js\" id=\"wpcf7-f674-o1\" lang=\"en-US\" dir=\"ltr\" data-wpcf7-id=\"674\">\n<div class=\"screen-reader-response\"><p role=\"status\" aria-live=\"polite\" aria-atomic=\"true\"><\/p> <ul><\/ul><\/div>\n<form action=\"\/index.php\/wp-json\/wp\/v2\/pages\/1510#wpcf7-f674-o1\" method=\"post\" class=\"wpcf7-form init\" aria-label=\"Contact form\" novalidate=\"novalidate\" data-status=\"init\">\n<fieldset class=\"hidden-fields-container\"><input type=\"hidden\" name=\"_wpcf7\" value=\"674\" \/><input type=\"hidden\" name=\"_wpcf7_version\" value=\"6.1.1\" \/><input type=\"hidden\" name=\"_wpcf7_locale\" value=\"en_US\" \/><input type=\"hidden\" name=\"_wpcf7_unit_tag\" value=\"wpcf7-f674-o1\" \/><input type=\"hidden\" name=\"_wpcf7_container_post\" value=\"0\" \/><input type=\"hidden\" name=\"_wpcf7_posted_data_hash\" value=\"\" \/>\n<\/fieldset>\n<span class=\"wpcf7-form-control-wrap\" data-name=\"email-656\"><input size=\"40\" maxlength=\"400\" class=\"wpcf7-form-control wpcf7-email wpcf7-validates-as-required wpcf7-text wpcf7-validates-as-email\" aria-required=\"true\" aria-invalid=\"false\" placeholder=\"Ihre E-Mail Adresse\" value=\"\" type=\"email\" name=\"email-656\" \/><\/span><button type=\"submit\" class=\"theme-btn\"><i class=\"fa-regular fa-arrow-right\"><\/i><\/button><div class=\"wpcf7-response-output\" aria-hidden=\"true\"><\/div>\n<\/form>\n<\/div>\n\t\t\t\t\t\t<\/div>\r\n\t\t\t\t\t<\/div>\r\n\t\t\t\t<\/div>\r\n\t\t\t<\/div>\r\n\t\t<\/div>\r\n\t<\/section>\r\n\r\n             \r\n\t\t\t\t\t\t<\/div>\n\t\t\t\t<\/div>\n\t\t\t\t<\/div>\n\t\t\t\t<\/div>\n\t\t","protected":false},"excerpt":{"rendered":"<p>Ihre Nutzen und Vorteile durch unsere unabh\u00e4ngige Versicherungsberatung Unsere Arbeit als unabh\u00e4ngige Versicherungsberater aus M\u00f6nchengladbach und Bochum bringt Ihnen viele Vorteile f\u00fcr Ihre Finanzen. Unser Ziel ist es Ihre Einsparpotentiale voll zu nutzen, Ihre Finanzen nachhaltig zu optimieren und somit langfristig Ihre vollste Zufriedenheit zu gewinnen. Im folgenden zeigen wir Ihnen einige Punkte auf, wie<\/p>\n","protected":false},"author":1,"featured_media":0,"parent":0,"menu_order":0,"comment_status":"closed","ping_status":"closed","template":"","meta":{"inline_featured_image":false,"footnotes":""},"class_list":["post-1510","page","type-page","status-publish","hentry"],"aioseo_notices":[],"_links":{"self":[{"href":"https:\/\/affectionate-beaver.83-171-239-27.plesk.page\/index.php\/wp-json\/wp\/v2\/pages\/1510","targetHints":{"allow":["GET"]}}],"collection":[{"href":"https:\/\/affectionate-beaver.83-171-239-27.plesk.page\/index.php\/wp-json\/wp\/v2\/pages"}],"about":[{"href":"https:\/\/affectionate-beaver.83-171-239-27.plesk.page\/index.php\/wp-json\/wp\/v2\/types\/page"}],"author":[{"embeddable":true,"href":"https:\/\/affectionate-beaver.83-171-239-27.plesk.page\/index.php\/wp-json\/wp\/v2\/users\/1"}],"replies":[{"embeddable":true,"href":"https:\/\/affectionate-beaver.83-171-239-27.plesk.page\/index.php\/wp-json\/wp\/v2\/comments?post=1510"}],"version-history":[{"count":20,"href":"https:\/\/affectionate-beaver.83-171-239-27.plesk.page\/index.php\/wp-json\/wp\/v2\/pages\/1510\/revisions"}],"predecessor-version":[{"id":1617,"href":"https:\/\/affectionate-beaver.83-171-239-27.plesk.page\/index.php\/wp-json\/wp\/v2\/pages\/1510\/revisions\/1617"}],"wp:attachment":[{"href":"https:\/\/affectionate-beaver.83-171-239-27.plesk.page\/index.php\/wp-json\/wp\/v2\/media?parent=1510"}],"curies":[{"name":"wp","href":"https:\/\/api.w.org\/{rel}","templated":true}]}}