{"id":687,"date":"2025-02-06T06:49:26","date_gmt":"2025-02-06T06:49:26","guid":{"rendered":"https:\/\/ex-coders.com\/wp\/kanun\/?page_id=687"},"modified":"2026-03-25T10:16:01","modified_gmt":"2026-03-25T10:16:01","slug":"ueber-uns","status":"publish","type":"page","link":"https:\/\/affectionate-beaver.83-171-239-27.plesk.page\/index.php\/ueber-uns\/","title":{"rendered":"\u00dcber uns"},"content":{"rendered":"\t\t<div data-elementor-type=\"wp-page\" data-elementor-id=\"687\" class=\"elementor elementor-687\" data-elementor-post-type=\"page\">\n\t\t\t\t<div class=\"elementor-element elementor-element-b59f2ff e-flex e-con-boxed e-con e-parent\" data-id=\"b59f2ff\" data-element_type=\"container\">\n\t\t\t\t\t<div class=\"e-con-inner\">\n\t\t<div class=\"elementor-element elementor-element-320b159 e-con-full e-flex e-con e-child\" data-id=\"320b159\" data-element_type=\"container\">\n\t\t\t\t<div class=\"elementor-element elementor-element-8357813 elementor-widget elementor-widget-image\" data-id=\"8357813\" data-element_type=\"widget\" data-widget_type=\"image.default\">\n\t\t\t\t\t\t\t\t\t\t\t\t\t\t\t<img fetchpriority=\"high\" decoding=\"async\" width=\"740\" height=\"494\" src=\"https:\/\/affectionate-beaver.83-171-239-27.plesk.page\/wp-content\/uploads\/2025\/11\/220449_ret-1024x683.jpg\" class=\"attachment-large size-large wp-image-1317\" alt=\"\" srcset=\"https:\/\/affectionate-beaver.83-171-239-27.plesk.page\/wp-content\/uploads\/2025\/11\/220449_ret-1024x683.jpg 1024w, https:\/\/affectionate-beaver.83-171-239-27.plesk.page\/wp-content\/uploads\/2025\/11\/220449_ret-300x200.jpg 300w, https:\/\/affectionate-beaver.83-171-239-27.plesk.page\/wp-content\/uploads\/2025\/11\/220449_ret-768x513.jpg 768w, https:\/\/affectionate-beaver.83-171-239-27.plesk.page\/wp-content\/uploads\/2025\/11\/220449_ret-1536x1025.jpg 1536w, https:\/\/affectionate-beaver.83-171-239-27.plesk.page\/wp-content\/uploads\/2025\/11\/220449_ret-2048x1367.jpg 2048w\" sizes=\"(max-width: 740px) 100vw, 740px\" \/>\t\t\t\t\t\t\t\t\t\t\t\t\t\t\t<\/div>\n\t\t\t\t<\/div>\n\t\t<div class=\"elementor-element elementor-element-05be606 e-con-full e-flex e-con e-child\" data-id=\"05be606\" data-element_type=\"container\">\n\t\t\t\t<div class=\"elementor-element elementor-element-2f50a96 elementor-widget elementor-widget-heading\" data-id=\"2f50a96\" data-element_type=\"widget\" data-widget_type=\"heading.default\">\n\t\t\t\t\t<h2 class=\"elementor-heading-title elementor-size-default\">Beh\u00f6rdliche Zulassung sorgt f\u00fcr Sicherheit\n<\/h2>\t\t\t\t<\/div>\n\t\t\t\t<div class=\"elementor-element elementor-element-19fe7d5 elementor-widget elementor-widget-heading\" data-id=\"19fe7d5\" data-element_type=\"widget\" data-widget_type=\"heading.default\">\n\t\t\t\t\t<p class=\"elementor-heading-title elementor-size-default\">Der Weg zum beh\u00f6rdlich zugelassenen Versicherungsberater hat klare Vorgaben: Eine beh\u00f6rdliche Zulassung bekommt nur, wer seine fachliche und pers\u00f6nliche Eignung nachgewiesen hat \u2013 so wie wir. Das gibt Sicherheit. Dar\u00fcber hinaus wurde unser Team, bestehend aus Andreas Kutschera sowie Marco Krieter noch nach dem fr\u00fcheren Rechtsberatungsgesetz von den zust\u00e4ndigen Pr\u00e4sidenten der Landgerichte zugelassen. Dieses basiert auf deutlich strengeren Voraussetzungen als die heutige Zulassung.\n<\/p>\t\t\t\t<\/div>\n\t\t\t\t<div class=\"elementor-element elementor-element-565052c elementor-widget-divider--view-line elementor-widget elementor-widget-divider\" data-id=\"565052c\" data-element_type=\"widget\" data-widget_type=\"divider.default\">\n\t\t\t\t\t\t\t<div class=\"elementor-divider\">\n\t\t\t<span class=\"elementor-divider-separator\">\n\t\t\t\t\t\t<\/span>\n\t\t<\/div>\n\t\t\t\t\t\t<\/div>\n\t\t\t\t<\/div>\n\t\t\t\t\t<\/div>\n\t\t\t\t<\/div>\n\t\t<div class=\"elementor-element elementor-element-d9666af e-flex e-con-boxed e-con e-parent\" data-id=\"d9666af\" data-element_type=\"container\">\n\t\t\t\t\t<div class=\"e-con-inner\">\n\t\t<div class=\"elementor-element elementor-element-43121b6 e-con-full e-flex e-con e-child\" data-id=\"43121b6\" data-element_type=\"container\">\n\t\t\t\t<div class=\"elementor-element elementor-element-4c048ba elementor-widget elementor-widget-heading\" data-id=\"4c048ba\" data-element_type=\"widget\" data-widget_type=\"heading.default\">\n\t\t\t\t\t<span class=\"elementor-heading-title elementor-size-default\"> unser Arbeitsprozess<\/span>\t\t\t\t<\/div>\n\t\t\t\t<div class=\"elementor-element elementor-element-5c69b6a elementor-widget elementor-widget-heading\" data-id=\"5c69b6a\" data-element_type=\"widget\" data-widget_type=\"heading.default\">\n\t\t\t\t\t<h2 class=\"elementor-heading-title elementor-size-default\">Unseren Arbeitsprozess verstehen<\/h2>\t\t\t\t<\/div>\n\t\t\t\t<div class=\"elementor-element elementor-element-ea2c5ff elementor-widget elementor-widget-image\" data-id=\"ea2c5ff\" data-element_type=\"widget\" data-widget_type=\"image.default\">\n\t\t\t\t\t\t\t\t\t\t\t\t\t\t\t<img decoding=\"async\" width=\"740\" height=\"494\" src=\"https:\/\/affectionate-beaver.83-171-239-27.plesk.page\/wp-content\/uploads\/2025\/11\/220442_ret-1024x683.jpg\" class=\"attachment-large size-large wp-image-1316\" alt=\"\" srcset=\"https:\/\/affectionate-beaver.83-171-239-27.plesk.page\/wp-content\/uploads\/2025\/11\/220442_ret-1024x683.jpg 1024w, https:\/\/affectionate-beaver.83-171-239-27.plesk.page\/wp-content\/uploads\/2025\/11\/220442_ret-300x200.jpg 300w, https:\/\/affectionate-beaver.83-171-239-27.plesk.page\/wp-content\/uploads\/2025\/11\/220442_ret-768x513.jpg 768w, https:\/\/affectionate-beaver.83-171-239-27.plesk.page\/wp-content\/uploads\/2025\/11\/220442_ret-1536x1025.jpg 1536w, https:\/\/affectionate-beaver.83-171-239-27.plesk.page\/wp-content\/uploads\/2025\/11\/220442_ret-2048x1367.jpg 2048w\" sizes=\"(max-width: 740px) 100vw, 740px\" \/>\t\t\t\t\t\t\t\t\t\t\t\t\t\t\t<\/div>\n\t\t\t\t<\/div>\n\t\t<div class=\"elementor-element elementor-element-b95f201 e-con-full e-flex e-con e-child\" data-id=\"b95f201\" data-element_type=\"container\">\n\t\t\t\t<div class=\"elementor-element elementor-element-3b0cfd6 elementor-widget elementor-widget-kanun-work-process-widget\" data-id=\"3b0cfd6\" data-element_type=\"widget\" data-widget_type=\"kanun-work-process-widget.default\">\n\t\t\t\t<div class=\"elementor-widget-container\">\n\t\t\t\t\t\r\n\r\n\t\r\n\r\n\t<div class=\"process-wrapper\">\r\n\t\t<div class=\"process-content ms-0\">\r\n\t\t\t<div class=\"process-ber\">\r\n\t\t\t\t<div class=\"line-shape\">\r\n\t\t\t\t\t\t\t\t<\/div>\r\n\t\t\t\t\t\r\n\t\t\t\t<div class=\"process-items wow fadeInUp\" data-wow-delay=\".2s\">\r\n\t\t\t\t\t<h6 class=\"number\">\r\n\t\t\t\t\t\t01\t\t\t\t\t<\/h6>\r\n\t\t\t\t\t<div class=\"content\">\r\n\t\t\t\t\t\t<h3>\r\n\t\t\t\t\t\t\tGrobkonzept\t\t\t\t\t\t<\/h3>\r\n\t\t\t\t\t\t<p>\r\n\t\t\t\t\t\t\tWir sch\u00e4tzen die Schadensh\u00f6he inklusive der Auswirkungen auf wichtige Stakehodler (Banken, Eigent\u00fcmer, Kunden, Medien) sowie auf Versicherungsvertr\u00e4ge und m\u00f6gliche Probleme (Obliegenheitsverletzung).\n\t\t\t\t\t\t<\/p>\r\n\t\t\t\t\t<\/div>\r\n\t\t\t\t<\/div>\r\n\t\t\t\t\t\r\n\t\t\t\t<div class=\"process-items wow fadeInUp\" data-wow-delay=\".2s\">\r\n\t\t\t\t\t<h6 class=\"number\">\r\n\t\t\t\t\t\t02\t\t\t\t\t<\/h6>\r\n\t\t\t\t\t<div class=\"content\">\r\n\t\t\t\t\t\t<h3>\r\n\t\t\t\t\t\t\tStrategie\t\t\t\t\t\t<\/h3>\r\n\t\t\t\t\t\t<p>\r\n\t\t\t\t\t\t\tWir entwickeln die passende Strategie und beraten Sie zur bestm\u00f6glichen Vorgehensweise \u2013 einschlie\u00dflich einer strukturierten Bewertung der Situation und der optimalen Schritte f\u00fcr das weitere Vorgehen.\n\t\t\t\t\t\t<\/p>\r\n\t\t\t\t\t<\/div>\r\n\t\t\t\t<\/div>\r\n\t\t\t\t\t\r\n\t\t\t\t<div class=\"process-items wow fadeInUp\" data-wow-delay=\".2s\">\r\n\t\t\t\t\t<h6 class=\"number\">\r\n\t\t\t\t\t\t03\t\t\t\t\t<\/h6>\r\n\t\t\t\t\t<div class=\"content\">\r\n\t\t\t\t\t\t<h3>\r\n\t\t\t\t\t\t\tFeinkonzept\t\t\t\t\t\t<\/h3>\r\n\t\t\t\t\t\t<p>\r\n\t\t\t\t\t\t\tWir koordinieren die einzelnen Aufgaben und steuern alle Abl\u00e4ufe zwischen Mandanten, Beh\u00f6rden, Versicherern und weiteren Beteiligten, um eine effiziente und rechtssichere Bearbeitung zu gew\u00e4hrleisten.\t\t\t\t\t\t<\/p>\r\n\t\t\t\t\t<\/div>\r\n\t\t\t\t<\/div>\r\n\t\t\t\t\t\t\t<\/div>\r\n\t\t<\/div>\r\n\t<\/div>\r\n\r\n\t\t\r\n             \r\n\t\t\t\t\t\t<\/div>\n\t\t\t\t<\/div>\n\t\t\t\t<\/div>\n\t\t\t\t\t<\/div>\n\t\t\t\t<\/div>\n\t\t<div class=\"elementor-element elementor-element-b65f891 e-flex e-con-boxed e-con e-parent\" data-id=\"b65f891\" data-element_type=\"container\">\n\t\t\t\t\t<div class=\"e-con-inner\">\n\t\t\t\t<div class=\"elementor-element elementor-element-a66c9f4 elementor-widget elementor-widget-heading\" data-id=\"a66c9f4\" data-element_type=\"widget\" data-widget_type=\"heading.default\">\n\t\t\t\t\t<span class=\"elementor-heading-title elementor-size-default\">Unser Team<\/span>\t\t\t\t<\/div>\n\t\t\t\t<div class=\"elementor-element elementor-element-65a658e elementor-widget elementor-widget-heading\" data-id=\"65a658e\" data-element_type=\"widget\" data-widget_type=\"heading.default\">\n\t\t\t\t\t<h2 class=\"elementor-heading-title elementor-size-default\">Erfahrene Experten mit voller Einsatzbereitschaft<\/h2>\t\t\t\t<\/div>\n\t\t<div class=\"elementor-element elementor-element-9c404ab e-con-full e-flex e-con e-child\" data-id=\"9c404ab\" data-element_type=\"container\">\n\t\t\t\t<div class=\"elementor-element elementor-element-26156db elementor-widget__width-initial elementor-widget elementor-widget-kanun-team-grid-widget\" data-id=\"26156db\" data-element_type=\"widget\" data-widget_type=\"kanun-team-grid-widget.default\">\n\t\t\t\t<div class=\"elementor-widget-container\">\n\t\t\t\t\t\r\n\r\n\r\n\t <script>\r\n jQuery(document).ready(function($) {\r\n\r\n\/\/ js code start\r\n\r\n\tif($(\".team-slider\").length > 0) {\r\n\tconst teamSlider = new Swiper(\".team-slider\", {\r\n\t\tspaceBetween: 30,\r\n\t\tspeed: 1300,\r\n\t\tloop: true,\r\n\t\tautoplay: {\r\n\t\t\tdelay: 2000,\r\n\t\t\tdisableOnInteraction: false,\r\n\t\t},\r\n\t\tnavigation: {\r\n\t\t\tprevEl: \".array-prev\",\r\n\t\t\tnextEl: \".array-next\",\r\n\t\t},\r\n\t\tbreakpoints: {\r\n\t\t\t1199: {\r\n\t\t\t\tslidesPerView: 4,\r\n\t\t\t},\r\n\t\t\t991: {\r\n\t\t\t\tslidesPerView: 4,\r\n\t\t\t},\r\n\t\t\t767: {\r\n\t\t\t\tslidesPerView: 3,\r\n\t\t\t},\r\n\t\t\t575: {\r\n\t\t\t\tslidesPerView: 2,\r\n\t\t\t},\r\n\t\t\t0: {\r\n\t\t\t\tslidesPerView: 1,\r\n\t\t\t},\r\n\t\t},\r\n\t});\r\n}\r\n\r\n\/\/ js code end \r\n\r\n  });\r\n<\/script>\r\n\r\n\t\r\n\r\n\t<div class=\"team-card-items\">\r\n\t\t<div class=\"team-image\">\r\n\t\t\t   \r\n\t\t\t\t<img decoding=\"async\" src=\"https:\/\/affectionate-beaver.83-171-239-27.plesk.page\/wp-content\/uploads\/2025\/11\/220458_ret-scaled.jpg\" alt=\"\"\/>\r\n\t\t\t\t\t\t<div class=\"team-social\">\r\n\t\t\t\t\t\r\n\t\t\t\t\t<a href=\"mailto:akutschera@kanzlei-nrw.de\"><i class=\"fas fa-mail-bulk\"><\/i><\/a>\r\n\t\t\t\t\t\t\t\t<\/div>\r\n\t\t<\/div>\r\n\t\t<div class=\"team-content\">\r\n\r\n\t\t\t<h4>\r\n\t\t\t\t<a href=\"\">\r\n\t\t\t\t\tAndreas Kutschera\t\t\t\t<\/a>\r\n\t\t\t<\/h4>\r\n\r\n\t\t\t<p>Gesch\u00e4ftsf\u00fchrender Partner<\/p>\r\n\t\t<\/div>\r\n\t<\/div>\r\n\r\n\t\r\n\r\n             \r\n\t\t\t\t\t\t<\/div>\n\t\t\t\t<\/div>\n\t\t\t\t<div class=\"elementor-element elementor-element-e77230b elementor-widget__width-initial elementor-widget elementor-widget-kanun-team-grid-widget\" data-id=\"e77230b\" data-element_type=\"widget\" data-widget_type=\"kanun-team-grid-widget.default\">\n\t\t\t\t<div class=\"elementor-widget-container\">\n\t\t\t\t\t\r\n\r\n\r\n\t <script>\r\n jQuery(document).ready(function($) {\r\n\r\n\/\/ js code start\r\n\r\n\tif($(\".team-slider\").length > 0) {\r\n\tconst teamSlider = new Swiper(\".team-slider\", {\r\n\t\tspaceBetween: 30,\r\n\t\tspeed: 1300,\r\n\t\tloop: true,\r\n\t\tautoplay: {\r\n\t\t\tdelay: 2000,\r\n\t\t\tdisableOnInteraction: false,\r\n\t\t},\r\n\t\tnavigation: {\r\n\t\t\tprevEl: \".array-prev\",\r\n\t\t\tnextEl: \".array-next\",\r\n\t\t},\r\n\t\tbreakpoints: {\r\n\t\t\t1199: {\r\n\t\t\t\tslidesPerView: 4,\r\n\t\t\t},\r\n\t\t\t991: {\r\n\t\t\t\tslidesPerView: 4,\r\n\t\t\t},\r\n\t\t\t767: {\r\n\t\t\t\tslidesPerView: 3,\r\n\t\t\t},\r\n\t\t\t575: {\r\n\t\t\t\tslidesPerView: 2,\r\n\t\t\t},\r\n\t\t\t0: {\r\n\t\t\t\tslidesPerView: 1,\r\n\t\t\t},\r\n\t\t},\r\n\t});\r\n}\r\n\r\n\/\/ js code end \r\n\r\n  });\r\n<\/script>\r\n\r\n\t\r\n\r\n\t<div class=\"team-card-items\">\r\n\t\t<div class=\"team-image\">\r\n\t\t\t   \r\n\t\t\t\t<img decoding=\"async\" src=\"https:\/\/affectionate-beaver.83-171-239-27.plesk.page\/wp-content\/uploads\/2025\/11\/220456_ret-scaled.jpg\" alt=\"\"\/>\r\n\t\t\t\t\t\t<div class=\"team-social\">\r\n\t\t\t\t\t\r\n\t\t\t\t\t<a href=\"mailto:mkrieter@kanzlei-nrw.de\"><i class=\"fas fa-mail-bulk\"><\/i><\/a>\r\n\t\t\t\t\t\t\t\t<\/div>\r\n\t\t<\/div>\r\n\t\t<div class=\"team-content\">\r\n\r\n\t\t\t<h4>\r\n\t\t\t\t<a href=\"\">\r\n\t\t\t\t\tMarco Krieter\t\t\t\t<\/a>\r\n\t\t\t<\/h4>\r\n\r\n\t\t\t<p>Gesch\u00e4ftsf\u00fchrender Partner<\/p>\r\n\t\t<\/div>\r\n\t<\/div>\r\n\r\n\t\r\n\r\n             \r\n\t\t\t\t\t\t<\/div>\n\t\t\t\t<\/div>\n\t\t\t\t<div class=\"elementor-element elementor-element-235011c elementor-widget__width-initial elementor-widget elementor-widget-kanun-team-grid-widget\" data-id=\"235011c\" data-element_type=\"widget\" data-widget_type=\"kanun-team-grid-widget.default\">\n\t\t\t\t<div class=\"elementor-widget-container\">\n\t\t\t\t\t\r\n\r\n\r\n\t <script>\r\n jQuery(document).ready(function($) {\r\n\r\n\/\/ js code start\r\n\r\n\tif($(\".team-slider\").length > 0) {\r\n\tconst teamSlider = new Swiper(\".team-slider\", {\r\n\t\tspaceBetween: 30,\r\n\t\tspeed: 1300,\r\n\t\tloop: true,\r\n\t\tautoplay: {\r\n\t\t\tdelay: 2000,\r\n\t\t\tdisableOnInteraction: false,\r\n\t\t},\r\n\t\tnavigation: {\r\n\t\t\tprevEl: \".array-prev\",\r\n\t\t\tnextEl: \".array-next\",\r\n\t\t},\r\n\t\tbreakpoints: {\r\n\t\t\t1199: {\r\n\t\t\t\tslidesPerView: 4,\r\n\t\t\t},\r\n\t\t\t991: {\r\n\t\t\t\tslidesPerView: 4,\r\n\t\t\t},\r\n\t\t\t767: {\r\n\t\t\t\tslidesPerView: 3,\r\n\t\t\t},\r\n\t\t\t575: {\r\n\t\t\t\tslidesPerView: 2,\r\n\t\t\t},\r\n\t\t\t0: {\r\n\t\t\t\tslidesPerView: 1,\r\n\t\t\t},\r\n\t\t},\r\n\t});\r\n}\r\n\r\n\/\/ js code end \r\n\r\n  });\r\n<\/script>\r\n\r\n\t\r\n\r\n\t<div class=\"team-card-items\">\r\n\t\t<div class=\"team-image\">\r\n\t\t\t   \r\n\t\t\t\t<img decoding=\"async\" src=\"https:\/\/affectionate-beaver.83-171-239-27.plesk.page\/wp-content\/uploads\/2025\/11\/220461_ret-scaled.jpg\" alt=\"\"\/>\r\n\t\t\t\t\t\t<div class=\"team-social\">\r\n\t\t\t\t\t\r\n\t\t\t\t\t<a href=\"mailto:bochum@kanzlei-nrw.de\"><i class=\"fas fa-mail-bulk\"><\/i><\/a>\r\n\t\t\t\t\t\t\t\t<\/div>\r\n\t\t<\/div>\r\n\t\t<div class=\"team-content\">\r\n\r\n\t\t\t<h4>\r\n\t\t\t\t<a href=\"\">\r\n\t\t\t\t\tPetra Eichelberger\t\t\t\t<\/a>\r\n\t\t\t<\/h4>\r\n\r\n\t\t\t<p>Verwaltung<\/p>\r\n\t\t<\/div>\r\n\t<\/div>\r\n\r\n\t\r\n\r\n             \r\n\t\t\t\t\t\t<\/div>\n\t\t\t\t<\/div>\n\t\t\t\t<div class=\"elementor-element elementor-element-f821be7 elementor-widget__width-initial elementor-widget elementor-widget-kanun-team-grid-widget\" data-id=\"f821be7\" data-element_type=\"widget\" data-widget_type=\"kanun-team-grid-widget.default\">\n\t\t\t\t<div class=\"elementor-widget-container\">\n\t\t\t\t\t\r\n\r\n\r\n\t <script>\r\n jQuery(document).ready(function($) {\r\n\r\n\/\/ js code start\r\n\r\n\tif($(\".team-slider\").length > 0) {\r\n\tconst teamSlider = new Swiper(\".team-slider\", {\r\n\t\tspaceBetween: 30,\r\n\t\tspeed: 1300,\r\n\t\tloop: true,\r\n\t\tautoplay: {\r\n\t\t\tdelay: 2000,\r\n\t\t\tdisableOnInteraction: false,\r\n\t\t},\r\n\t\tnavigation: {\r\n\t\t\tprevEl: \".array-prev\",\r\n\t\t\tnextEl: \".array-next\",\r\n\t\t},\r\n\t\tbreakpoints: {\r\n\t\t\t1199: {\r\n\t\t\t\tslidesPerView: 4,\r\n\t\t\t},\r\n\t\t\t991: {\r\n\t\t\t\tslidesPerView: 4,\r\n\t\t\t},\r\n\t\t\t767: {\r\n\t\t\t\tslidesPerView: 3,\r\n\t\t\t},\r\n\t\t\t575: {\r\n\t\t\t\tslidesPerView: 2,\r\n\t\t\t},\r\n\t\t\t0: {\r\n\t\t\t\tslidesPerView: 1,\r\n\t\t\t},\r\n\t\t},\r\n\t});\r\n}\r\n\r\n\/\/ js code end \r\n\r\n  });\r\n<\/script>\r\n\r\n\t\r\n\r\n\t<div class=\"team-card-items\">\r\n\t\t<div class=\"team-image\">\r\n\t\t\t   \r\n\t\t\t\t<img decoding=\"async\" src=\"https:\/\/affectionate-beaver.83-171-239-27.plesk.page\/wp-content\/uploads\/2025\/11\/220464_ret-scaled.jpg\" alt=\"\"\/>\r\n\t\t\t\t\t\t<div class=\"team-social\">\r\n\t\t\t\t\t\r\n\t\t\t\t\t<a href=\"mailto:hrboesche@kanzlei-nrw.de%20\"><i class=\"fas fa-mail-bulk\"><\/i><\/a>\r\n\t\t\t\t\t\t\t\t<\/div>\r\n\t\t<\/div>\r\n\t\t<div class=\"team-content\">\r\n\r\n\t\t\t<h4>\r\n\t\t\t\t<a href=\"\">\r\n\t\t\t\t\tHeins-Rudolf B\u00f6sche\t\t\t\t<\/a>\r\n\t\t\t<\/h4>\r\n\r\n\t\t\t<p>Mandantenberater<\/p>\r\n\t\t<\/div>\r\n\t<\/div>\r\n\r\n\t\r\n\r\n             \r\n\t\t\t\t\t\t<\/div>\n\t\t\t\t<\/div>\n\t\t\t\t<div class=\"elementor-element elementor-element-1b0ccc3 elementor-widget__width-initial elementor-widget elementor-widget-kanun-team-grid-widget\" data-id=\"1b0ccc3\" data-element_type=\"widget\" data-widget_type=\"kanun-team-grid-widget.default\">\n\t\t\t\t<div class=\"elementor-widget-container\">\n\t\t\t\t\t\r\n\r\n\r\n\t <script>\r\n jQuery(document).ready(function($) {\r\n\r\n\/\/ js code start\r\n\r\n\tif($(\".team-slider\").length > 0) {\r\n\tconst teamSlider = new Swiper(\".team-slider\", {\r\n\t\tspaceBetween: 30,\r\n\t\tspeed: 1300,\r\n\t\tloop: true,\r\n\t\tautoplay: {\r\n\t\t\tdelay: 2000,\r\n\t\t\tdisableOnInteraction: false,\r\n\t\t},\r\n\t\tnavigation: {\r\n\t\t\tprevEl: \".array-prev\",\r\n\t\t\tnextEl: \".array-next\",\r\n\t\t},\r\n\t\tbreakpoints: {\r\n\t\t\t1199: {\r\n\t\t\t\tslidesPerView: 4,\r\n\t\t\t},\r\n\t\t\t991: {\r\n\t\t\t\tslidesPerView: 4,\r\n\t\t\t},\r\n\t\t\t767: {\r\n\t\t\t\tslidesPerView: 3,\r\n\t\t\t},\r\n\t\t\t575: {\r\n\t\t\t\tslidesPerView: 2,\r\n\t\t\t},\r\n\t\t\t0: {\r\n\t\t\t\tslidesPerView: 1,\r\n\t\t\t},\r\n\t\t},\r\n\t});\r\n}\r\n\r\n\/\/ js code end \r\n\r\n  });\r\n<\/script>\r\n\r\n\t\r\n\r\n\t<div class=\"team-card-items\">\r\n\t\t<div class=\"team-image\">\r\n\t\t\t   \r\n\t\t\t\t<img decoding=\"async\" src=\"https:\/\/affectionate-beaver.83-171-239-27.plesk.page\/wp-content\/uploads\/2025\/11\/220466_ret-scaled.jpg\" alt=\"\"\/>\r\n\t\t\t\t\t\t<div class=\"team-social\">\r\n\t\t\t\t\t\r\n\t\t\t\t\t<a href=\"mailto:hlinssen@kanzlei-nrw.de%20\"><i class=\"fas fa-mail-bulk\"><\/i><\/a>\r\n\t\t\t\t\t\t\t\t<\/div>\r\n\t\t<\/div>\r\n\t\t<div class=\"team-content\">\r\n\r\n\t\t\t<h4>\r\n\t\t\t\t<a href=\"\">\r\n\t\t\t\t\tHeiner Lin\u00dfen\t\t\t\t<\/a>\r\n\t\t\t<\/h4>\r\n\r\n\t\t\t<p>Mandantenberater<\/p>\r\n\t\t<\/div>\r\n\t<\/div>\r\n\r\n\t\r\n\r\n             \r\n\t\t\t\t\t\t<\/div>\n\t\t\t\t<\/div>\n\t\t\t\t<\/div>\n\t\t<div class=\"elementor-element elementor-element-b7a841d e-con-full e-flex e-con e-child\" data-id=\"b7a841d\" data-element_type=\"container\">\n\t\t\t\t<div class=\"elementor-element elementor-element-31630c0 elementor-widget__width-initial elementor-widget elementor-widget-kanun-team-grid-widget\" data-id=\"31630c0\" data-element_type=\"widget\" data-widget_type=\"kanun-team-grid-widget.default\">\n\t\t\t\t<div class=\"elementor-widget-container\">\n\t\t\t\t\t\r\n\r\n\r\n\t <script>\r\n jQuery(document).ready(function($) {\r\n\r\n\/\/ js code start\r\n\r\n\tif($(\".team-slider\").length > 0) {\r\n\tconst teamSlider = new Swiper(\".team-slider\", {\r\n\t\tspaceBetween: 30,\r\n\t\tspeed: 1300,\r\n\t\tloop: true,\r\n\t\tautoplay: {\r\n\t\t\tdelay: 2000,\r\n\t\t\tdisableOnInteraction: false,\r\n\t\t},\r\n\t\tnavigation: {\r\n\t\t\tprevEl: \".array-prev\",\r\n\t\t\tnextEl: \".array-next\",\r\n\t\t},\r\n\t\tbreakpoints: {\r\n\t\t\t1199: {\r\n\t\t\t\tslidesPerView: 4,\r\n\t\t\t},\r\n\t\t\t991: {\r\n\t\t\t\tslidesPerView: 4,\r\n\t\t\t},\r\n\t\t\t767: {\r\n\t\t\t\tslidesPerView: 3,\r\n\t\t\t},\r\n\t\t\t575: {\r\n\t\t\t\tslidesPerView: 2,\r\n\t\t\t},\r\n\t\t\t0: {\r\n\t\t\t\tslidesPerView: 1,\r\n\t\t\t},\r\n\t\t},\r\n\t});\r\n}\r\n\r\n\/\/ js code end \r\n\r\n  });\r\n<\/script>\r\n\r\n\t\r\n\r\n\t<div class=\"team-card-items\">\r\n\t\t<div class=\"team-image\">\r\n\t\t\t   \r\n\t\t\t\t<img decoding=\"async\" src=\"https:\/\/affectionate-beaver.83-171-239-27.plesk.page\/wp-content\/uploads\/2025\/11\/220467_ret-scaled.jpg\" alt=\"\"\/>\r\n\t\t\t\t\t\t<div class=\"team-social\">\r\n\t\t\t\t\t\r\n\t\t\t\t\t<a href=\"mailto:svogt@kanzlei-nrw.de\"><i class=\"fas fa-mail-bulk\"><\/i><\/a>\r\n\t\t\t\t\t\t\t\t<\/div>\r\n\t\t<\/div>\r\n\t\t<div class=\"team-content\">\r\n\r\n\t\t\t<h4>\r\n\t\t\t\t<a href=\"\">\r\n\t\t\t\t\tSonja Vogt\t\t\t\t<\/a>\r\n\t\t\t<\/h4>\r\n\r\n\t\t\t<p>Verwaltung \u2013 Sachbearbeitung<\/p>\r\n\t\t<\/div>\r\n\t<\/div>\r\n\r\n\t\r\n\r\n             \r\n\t\t\t\t\t\t<\/div>\n\t\t\t\t<\/div>\n\t\t\t\t<div class=\"elementor-element elementor-element-e392f8c elementor-widget__width-initial elementor-widget elementor-widget-kanun-team-grid-widget\" data-id=\"e392f8c\" data-element_type=\"widget\" data-widget_type=\"kanun-team-grid-widget.default\">\n\t\t\t\t<div class=\"elementor-widget-container\">\n\t\t\t\t\t\r\n\r\n\r\n\t <script>\r\n jQuery(document).ready(function($) {\r\n\r\n\/\/ js code start\r\n\r\n\tif($(\".team-slider\").length > 0) {\r\n\tconst teamSlider = new Swiper(\".team-slider\", {\r\n\t\tspaceBetween: 30,\r\n\t\tspeed: 1300,\r\n\t\tloop: true,\r\n\t\tautoplay: {\r\n\t\t\tdelay: 2000,\r\n\t\t\tdisableOnInteraction: false,\r\n\t\t},\r\n\t\tnavigation: {\r\n\t\t\tprevEl: \".array-prev\",\r\n\t\t\tnextEl: \".array-next\",\r\n\t\t},\r\n\t\tbreakpoints: {\r\n\t\t\t1199: {\r\n\t\t\t\tslidesPerView: 4,\r\n\t\t\t},\r\n\t\t\t991: {\r\n\t\t\t\tslidesPerView: 4,\r\n\t\t\t},\r\n\t\t\t767: {\r\n\t\t\t\tslidesPerView: 3,\r\n\t\t\t},\r\n\t\t\t575: {\r\n\t\t\t\tslidesPerView: 2,\r\n\t\t\t},\r\n\t\t\t0: {\r\n\t\t\t\tslidesPerView: 1,\r\n\t\t\t},\r\n\t\t},\r\n\t});\r\n}\r\n\r\n\/\/ js code end \r\n\r\n  });\r\n<\/script>\r\n\r\n\t\r\n\r\n\t<div class=\"team-card-items\">\r\n\t\t<div class=\"team-image\">\r\n\t\t\t   \r\n\t\t\t\t<img decoding=\"async\" src=\"https:\/\/affectionate-beaver.83-171-239-27.plesk.page\/wp-content\/uploads\/2025\/11\/220469_ret-scaled.jpg\" alt=\"\"\/>\r\n\t\t\t\t\t\t<div class=\"team-social\">\r\n\t\t\t\t\t\r\n\t\t\t\t\t<a href=\"mailto:pnelsen@kanzlei-nrw.de\"><i class=\"fas fa-mail-bulk\"><\/i><\/a>\r\n\t\t\t\t\t\t\t\t<\/div>\r\n\t\t<\/div>\r\n\t\t<div class=\"team-content\">\r\n\r\n\t\t\t<h4>\r\n\t\t\t\t<a href=\"\">\r\n\t\t\t\t\tPetra Nelsen\t\t\t\t<\/a>\r\n\t\t\t<\/h4>\r\n\r\n\t\t\t<p>Verwaltung \u2013 Sachbearbeitung<\/p>\r\n\t\t<\/div>\r\n\t<\/div>\r\n\r\n\t\r\n\r\n             \r\n\t\t\t\t\t\t<\/div>\n\t\t\t\t<\/div>\n\t\t\t\t<\/div>\n\t\t\t\t\t<\/div>\n\t\t\t\t<\/div>\n\t\t\t\t<\/div>\n\t\t","protected":false},"excerpt":{"rendered":"<p>Beh\u00f6rdliche Zulassung sorgt f\u00fcr Sicherheit Der Weg zum beh\u00f6rdlich zugelassenen Versicherungsberater hat klare Vorgaben: Eine beh\u00f6rdliche Zulassung bekommt nur, wer seine fachliche und pers\u00f6nliche Eignung nachgewiesen hat \u2013 so wie wir. Das gibt Sicherheit. Dar\u00fcber hinaus wurde unser Team, bestehend aus Andreas Kutschera sowie Marco Krieter noch nach dem fr\u00fcheren Rechtsberatungsgesetz von den zust\u00e4ndigen Pr\u00e4sidenten<\/p>\n","protected":false},"author":1,"featured_media":0,"parent":0,"menu_order":0,"comment_status":"closed","ping_status":"closed","template":"elementor_header_footer","meta":{"inline_featured_image":false,"footnotes":""},"class_list":["post-687","page","type-page","status-publish","hentry"],"aioseo_notices":[],"_links":{"self":[{"href":"https:\/\/affectionate-beaver.83-171-239-27.plesk.page\/index.php\/wp-json\/wp\/v2\/pages\/687","targetHints":{"allow":["GET"]}}],"collection":[{"href":"https:\/\/affectionate-beaver.83-171-239-27.plesk.page\/index.php\/wp-json\/wp\/v2\/pages"}],"about":[{"href":"https:\/\/affectionate-beaver.83-171-239-27.plesk.page\/index.php\/wp-json\/wp\/v2\/types\/page"}],"author":[{"embeddable":true,"href":"https:\/\/affectionate-beaver.83-171-239-27.plesk.page\/index.php\/wp-json\/wp\/v2\/users\/1"}],"replies":[{"embeddable":true,"href":"https:\/\/affectionate-beaver.83-171-239-27.plesk.page\/index.php\/wp-json\/wp\/v2\/comments?post=687"}],"version-history":[{"count":41,"href":"https:\/\/affectionate-beaver.83-171-239-27.plesk.page\/index.php\/wp-json\/wp\/v2\/pages\/687\/revisions"}],"predecessor-version":[{"id":1622,"href":"https:\/\/affectionate-beaver.83-171-239-27.plesk.page\/index.php\/wp-json\/wp\/v2\/pages\/687\/revisions\/1622"}],"wp:attachment":[{"href":"https:\/\/affectionate-beaver.83-171-239-27.plesk.page\/index.php\/wp-json\/wp\/v2\/media?parent=687"}],"curies":[{"name":"wp","href":"https:\/\/api.w.org\/{rel}","templated":true}]}}